{"id":13,"date":"2019-09-18T10:52:48","date_gmt":"2019-09-18T08:52:48","guid":{"rendered":"http:\/\/www.tazor.avx.pl\/?page_id=13"},"modified":"2024-08-01T11:13:11","modified_gmt":"2024-08-01T09:13:11","slug":"o-mnie","status":"publish","type":"page","link":"https:\/\/dobry-tlumacz.eu\/?page_id=13","title":{"rendered":"O mnie"},"content":{"rendered":"\n<h2 class=\"wp-block-heading\">Kilka s\u0142\u00f3w o mnie&#8230;<\/h2>\n\n\n\n<p><strong>T\u0142umaczem przysi\u0119g\u0142ym j\u0119zyka angielskiego<\/strong> zosta\u0142em mianowany <strong>30 sierpnia 2004 r.<\/strong> (numer na Li\u015bcie T\u0142umaczy Przysi\u0119g\u0142ych Ministra Sprawiedliwo\u015bci: <strong>TP\/171\/05<\/strong>), Moje do\u015bwiadczenie translatorskie zdobywa\u0142em jednak ju\u017c od roku <strong>1997<\/strong>, pracuj\u0105c przez lata zar\u00f3wno dla mi\u0119dzynarodowego producenta samochod\u00f3w, jak r\u00f3wnie\u017c dla rodzimej sp\u00f3\u0142ki technologicznej &#8211; producenta zaawansowanych rozwi\u0105za\u0144 z dziedziny teleinformatyki.<\/p>\n\n\n\n<p>Od <strong>2005 r.<\/strong> prowadz\u0119 w\u0142asn\u0105 dzia\u0142alno\u015b\u0107 gospodarcz\u0105, w ramach kt\u00f3rej \u015bwiadcz\u0119 us\u0142ugi t\u0142umaczenia (t\u0142umaczenia po\u015bwiadczone, tzw. przysi\u0119g\u0142e, oraz t\u0142umaczenia zwyk\u0142e). Wsp\u00f3\u0142pracuj\u0119 z podmiotami gospodarczymi i instytucjami, s\u0105dami, prokuraturami i policj\u0105, najlepszymi biurami t\u0142umacze\u0144 oraz \u015bwiadcz\u0119 us\u0142ugi dla klient\u00f3w indywidualnych. Moimi atutami s\u0105 elastyczno\u015b\u0107, wysoka jako\u015b\u0107 i rozs\u0105dna cena.<\/p>\n\n\n\n<p><\/p>\n\n\n\n<p>Zapraszam do wsp\u00f3\u0142pracy.<br><strong>Mariusz Studzi\u0144ski  <\/strong><\/p>\n","protected":false},"excerpt":{"rendered":"<p>Kilka s\u0142\u00f3w o mnie&#8230; T\u0142umaczem przysi\u0119g\u0142ym j\u0119zyka angielskiego zosta\u0142em mianowany 30 sierpnia 2004 r. (numer na Li\u015bcie T\u0142umaczy Przysi\u0119g\u0142ych Ministra Sprawiedliwo\u015bci: TP\/171\/05), Moje do\u015bwiadczenie translatorskie zdobywa\u0142em jednak ju\u017c od roku 1997, pracuj\u0105c przez lata zar\u00f3wno dla mi\u0119dzynarodowego producenta samochod\u00f3w, jak &hellip; <a href=\"https:\/\/dobry-tlumacz.eu\/?page_id=13\">Czytaj dalej <span class=\"meta-nav\">&rarr;<\/span><\/a><\/p>\n","protected":false},"author":1,"featured_media":0,"parent":0,"menu_order":0,"comment_status":"closed","ping_status":"closed","template":"","meta":{"footnotes":""},"class_list":["post-13","page","type-page","status-publish","hentry"],"_links":{"self":[{"href":"https:\/\/dobry-tlumacz.eu\/index.php?rest_route=\/wp\/v2\/pages\/13","targetHints":{"allow":["GET"]}}],"collection":[{"href":"https:\/\/dobry-tlumacz.eu\/index.php?rest_route=\/wp\/v2\/pages"}],"about":[{"href":"https:\/\/dobry-tlumacz.eu\/index.php?rest_route=\/wp\/v2\/types\/page"}],"author":[{"embeddable":true,"href":"https:\/\/dobry-tlumacz.eu\/index.php?rest_route=\/wp\/v2\/users\/1"}],"replies":[{"embeddable":true,"href":"https:\/\/dobry-tlumacz.eu\/index.php?rest_route=%2Fwp%2Fv2%2Fcomments&post=13"}],"version-history":[{"count":3,"href":"https:\/\/dobry-tlumacz.eu\/index.php?rest_route=\/wp\/v2\/pages\/13\/revisions"}],"predecessor-version":[{"id":98,"href":"https:\/\/dobry-tlumacz.eu\/index.php?rest_route=\/wp\/v2\/pages\/13\/revisions\/98"}],"wp:attachment":[{"href":"https:\/\/dobry-tlumacz.eu\/index.php?rest_route=%2Fwp%2Fv2%2Fmedia&parent=13"}],"curies":[{"name":"wp","href":"https:\/\/api.w.org\/{rel}","templated":true}]}}