{"id":15,"date":"2020-04-20T10:54:00","date_gmt":"2020-04-20T08:54:00","guid":{"rendered":"http:\/\/www.tazor.avx.pl\/?page_id=15"},"modified":"2020-04-20T16:00:18","modified_gmt":"2020-04-20T14:00:18","slug":"oferta","status":"publish","type":"page","link":"https:\/\/dobry-tlumacz.eu\/?page_id=15","title":{"rendered":"Oferta"},"content":{"rendered":"\n<p>Oferuj\u0119 nast\u0119puj\u0105ce rodzaje t\u0142umacze\u0144 (ANG-POL i POL-ANG): <\/p>\n\n\n\n<ol class=\"wp-block-list\"><li>t\u0142umaczenia <strong>po\u015bwiadczone (tzw. t\u0142umaczenia przysi\u0119g\u0142e) <\/strong>: <ul><li>dyplomy, \u015bwiadectwa, certyfikaty, za\u015bwiadczenia,  dowody,   odpisy akt\u00f3w stanu cywilnego (akt urodzenia,  ma\u0142\u017ce\u0144stwa,  zgonu, itp.),   prawa jazdy, itp. <\/li><li>dokumenty samochodowe (Stany Zjednoczone, Wielka Brytania, Irlandia oraz inne kraje angloj\u0119zyczne) <\/li><li>umowy, pisma, odpisy, deklaracje zgodno\u015bci, itp. <\/li><li>dokumentacja s\u0105dowa <\/li><li>oraz wiele innych typ\u00f3w dokument\u00f3w <br><\/li><\/ul><\/li><li>t\u0142umaczenia <strong>specjalistyczne i techniczne<\/strong>: <ul><li> informatyka (programowanie, instrukcje obs\u0142ugi  program\u00f3w i   system\u00f3w, lokalizacja oprogramowania i stron internetowych  oraz  inne)<\/li><li> sprz\u0119t   komputerowy (instrukcje obs\u0142ugi, materia\u0142y reklamowe, itp.) <\/li><li> telekomunikacja i teleinformatyka (m.in. systemy call  center i   IVR, rejestratory rozm\u00f3w telefonicznych, systemy bilingowe,  instrukcje   obs\u0142ugi urz\u0105dze\u0144 telekomunikacyjnych, itp.) <\/li><li> AGD i RTV (instrukcje obs\u0142ugi, materia\u0142y reklamowe, itp.) <\/li><li>automatyka <\/li><li>logistyka<\/li><li> zarz\u0105dzanie (systemy MRP, ERP, DRP, CRM, ECM i inne)<\/li><li>oraz inne <br><\/li><\/ul><\/li><li>t\u0142umaczenia <strong>prawne i handlowe<\/strong>:               <ul><li> umowy prawa cywilnego i handlowego <\/li><li> korespondencja   handlowa<\/li><li>dokumentacja przetargowa z takich obszar\u00f3w jako  informatyka i teleinformatyka, sprz\u0119t komputerowy i AGD\/RTV, automatyka, infrastruktura) <\/li><li> materia\u0142y marketingowe (press release, public   relations)               <\/li><\/ul><\/li><\/ol>\n","protected":false},"excerpt":{"rendered":"<p>Oferuj\u0119 nast\u0119puj\u0105ce rodzaje t\u0142umacze\u0144 (ANG-POL i POL-ANG): t\u0142umaczenia po\u015bwiadczone (tzw. t\u0142umaczenia przysi\u0119g\u0142e) : dyplomy, \u015bwiadectwa, certyfikaty, za\u015bwiadczenia, dowody, odpisy akt\u00f3w stanu cywilnego (akt urodzenia, ma\u0142\u017ce\u0144stwa, zgonu, itp.), prawa jazdy, itp. dokumenty samochodowe (Stany Zjednoczone, Wielka Brytania, Irlandia oraz inne kraje &hellip; <a href=\"https:\/\/dobry-tlumacz.eu\/?page_id=15\">Czytaj dalej <span class=\"meta-nav\">&rarr;<\/span><\/a><\/p>\n","protected":false},"author":1,"featured_media":0,"parent":0,"menu_order":0,"comment_status":"closed","ping_status":"closed","template":"","meta":{"footnotes":""},"class_list":["post-15","page","type-page","status-publish","hentry"],"_links":{"self":[{"href":"https:\/\/dobry-tlumacz.eu\/index.php?rest_route=\/wp\/v2\/pages\/15","targetHints":{"allow":["GET"]}}],"collection":[{"href":"https:\/\/dobry-tlumacz.eu\/index.php?rest_route=\/wp\/v2\/pages"}],"about":[{"href":"https:\/\/dobry-tlumacz.eu\/index.php?rest_route=\/wp\/v2\/types\/page"}],"author":[{"embeddable":true,"href":"https:\/\/dobry-tlumacz.eu\/index.php?rest_route=\/wp\/v2\/users\/1"}],"replies":[{"embeddable":true,"href":"https:\/\/dobry-tlumacz.eu\/index.php?rest_route=%2Fwp%2Fv2%2Fcomments&post=15"}],"version-history":[{"count":2,"href":"https:\/\/dobry-tlumacz.eu\/index.php?rest_route=\/wp\/v2\/pages\/15\/revisions"}],"predecessor-version":[{"id":26,"href":"https:\/\/dobry-tlumacz.eu\/index.php?rest_route=\/wp\/v2\/pages\/15\/revisions\/26"}],"wp:attachment":[{"href":"https:\/\/dobry-tlumacz.eu\/index.php?rest_route=%2Fwp%2Fv2%2Fmedia&parent=15"}],"curies":[{"name":"wp","href":"https:\/\/api.w.org\/{rel}","templated":true}]}}