{"id":17,"date":"2023-01-20T15:52:15","date_gmt":"2023-01-20T14:52:15","guid":{"rendered":"http:\/\/www.tazor.avx.pl\/?page_id=17"},"modified":"2024-01-24T10:15:11","modified_gmt":"2024-01-24T09:15:11","slug":"cennik","status":"publish","type":"page","link":"https:\/\/dobry-tlumacz.eu\/?page_id=17","title":{"rendered":"Cennik"},"content":{"rendered":"\n<p><mark style=\"background-color:rgba(0, 0, 0, 0)\" class=\"has-inline-color has-blue-color\"><strong>T\u0142umaczenia pisemne po\u015bwiadczone (&#8222;przysi\u0119g\u0142e&#8221;)<\/strong>: <\/mark><\/p>\n\n\n\n<p>Uwaga: W przypadku t\u0142umacze\u0144 po\u015bwiadczonych (tzw. <em>przysi\u0119g\u0142ych<\/em>) koszt t\u0142umaczenia obliczany jest w oparciu o liczb\u0119 tzw. stron obliczeniowych (gdzie ustawowo <strong>1 strona obliczeniowa<\/strong> to dok\u0142adnie <strong>1125<\/strong> <strong>znak\u00f3w ze spacjami<\/strong> tekstu wynikowego czyli t\u0142umaczenia). Op\u0142ata liczona jest za ka\u017cd\u0105 rozpocz\u0119t\u0105 stron\u0119 obliczeniow\u0105 (z tolerancj\u0105 10%). <\/p>\n\n\n\n<p><strong>UWAGA: Podane ceny s\u0105 cenami BRUTTO, zawieraj\u0105cymi podatek VAT. <\/strong><\/p>\n\n\n\n<p><strong>T\u0142umaczenie z j\u0119zyka angielskiego na j\u0119zyk polski:<\/strong><\/p>\n\n\n\n<figure class=\"wp-block-table is-style-stripes\"><table><tbody><tr><th><strong>Rodzaj czynno\u015bci <\/strong><\/th><th class=\"has-text-align-center\" data-align=\"center\"> <strong>za 1 stron\u0119 obliczeniow\u0105<br>                   <\/strong>               <\/th><\/tr><tr><td>Za 1 stron\u0119 obliczeniow\u0105 (1125 znak\u00f3w) t\u0142umaczenia                   &nbsp;<\/td><td class=\"has-text-align-center\" data-align=\"center\"><strong>5<\/strong><strong>0 z\u0142 <\/strong><\/td><\/tr><tr><td>Sporz\u0105dzenie t\u0142umaczenia &#8211; na wniosek zlecaj\u0105cego &#8211; w dniu zlecenia (t\u0142umaczenie ekspresowe).                    &nbsp;<\/td><td class=\"has-text-align-center\" data-align=\"center\"><strong>+50%<\/strong><\/td><\/tr><tr><td>T\u0142umaczenie tekst\u00f3w zawieraj\u0105cych terminologi\u0119 specjalistyczn\u0105.                   &nbsp;<\/td><td class=\"has-text-align-center\" data-align=\"center\"><strong>+20%<\/strong><\/td><\/tr><tr><td>Za ka\u017cdy dodatkowy odpis t\u0142umaczenia uwierzytelnionego. \n                  &nbsp;<\/td><td class=\"has-text-align-center\" data-align=\"center\">20% ceny t\u0142umaczenia<\/td><\/tr><\/tbody><\/table><\/figure>\n\n\n\n<p><strong><span class=\"has-inline-color has-blue-color\">T\u0142umaczenie z j\u0119zyka polskiego na j\u0119zyk angielski:<\/span><\/strong><\/p>\n\n\n\n<figure class=\"wp-block-table is-style-stripes\"><table><tbody><tr><th><strong>Rodzaj czynno\u015bci <\/strong><\/th><th class=\"has-text-align-center\" data-align=\"center\"> <strong>za 1 stron\u0119 obliczeniow\u0105<br>                   <\/strong>               <\/th><\/tr><tr><td>Za 1 stron\u0119 obliczeniow\u0105 (1125 znak\u00f3w) t\u0142umaczenia                   &nbsp;<\/td><td class=\"has-text-align-center\" data-align=\"center\"><strong>50 z\u0142 <\/strong><\/td><\/tr><tr><td>Sporz\u0105dzenie t\u0142umaczenia &#8211; na wniosek zlecaj\u0105cego &#8211; w dniu zlecenia (t\u0142umaczenie ekspresowe).                    &nbsp;<\/td><td class=\"has-text-align-center\" data-align=\"center\"><strong>+50%<\/strong><\/td><\/tr><tr><td>T\u0142umaczenie tekst\u00f3w zawieraj\u0105cych terminologi\u0119 specjalistyczn\u0105.                   &nbsp;<\/td><td class=\"has-text-align-center\" data-align=\"center\"><strong>+20%<\/strong><\/td><\/tr><tr><td>Za ka\u017cdy dodatkowy odpis t\u0142umaczenia uwierzytelnionego. \n                  &nbsp;<\/td><td class=\"has-text-align-center\" data-align=\"center\">20% ceny t\u0142umaczenia<\/td><\/tr><\/tbody><\/table><\/figure>\n\n\n\n<p><mark style=\"background-color:rgba(0, 0, 0, 0)\" class=\"has-inline-color has-blue-color\"><strong>T\u0142umaczenia pisemne zwyk\u0142e<\/strong>:<\/mark><\/p>\n\n\n\n<p>Uwaga: W przypadku t\u0142umacze\u0144 zwyk\u0142ych (nie po\u015bwiadczonych) stron\u0105 obliczeniow\u0105 jest <strong>1600<\/strong> <strong>znak\u00f3w ze spacjami<\/strong>. Op\u0142ata liczona jest za ka\u017cd\u0105 rozpocz\u0119t\u0105 po\u0142\u00f3wk\u0119 strony obliczeniowej. <\/p>\n\n\n\n<p>Ceny negocjowane \nindywidualnie w zale\u017cno\u015bci od tematyki t\u0142umaczenia, jego trudno\u015bci,  \nwielko\u015bci zlecenia oraz terminu wykonania t\u0142umaczenia. <strong>Poni\u017cej stawki podstawowe <\/strong>. <\/p>\n\n\n\n<p><strong>UWAGA: Podane ceny s\u0105 cenami BRUTTO, zawieraj\u0105cymi podatek VAT<\/strong>.<\/p>\n\n\n\n<figure class=\"wp-block-table is-style-stripes\"><table><tbody><tr><th><strong>Rodzaj czynno\u015bci <\/strong><\/th><th class=\"has-text-align-center\" data-align=\"center\"> <strong>za 1 stron\u0119 obliczeniow\u0105<br>na polski lub angielski <\/strong>               <\/th><\/tr><tr><td>Za stron\u0119 obliczeniow\u0105 (1600 znak\u00f3w) t\u0142umaczenia &#8211; tryb zwyk\u0142y (do 8 stron rozliczeniowych dziennie). \n                  &nbsp;<\/td><td class=\"has-text-align-center\" data-align=\"center\"><strong>50 z\u0142 <\/strong><\/td><\/tr><tr><td>Za stron\u0119 obliczeniow\u0105 (1600 znak\u00f3w) t\u0142umaczenia &#8211; tryb ekspresowy (powy\u017cej  8 stron rozliczeniowych dziennie).\n                  &nbsp;<\/td><td class=\"has-text-align-center\" data-align=\"center\"><strong>+50%<\/strong> <\/td><\/tr><tr><td>T\u0142umaczenie materia\u0142\u00f3w uznanych przeze mnie za wysoce specjalistyczne lub wymagaj\u0105cych obr\u00f3bki graficznej. \n                  &nbsp;<\/td><td class=\"has-text-align-center\" data-align=\"center\"><strong>do uzgodnienia <\/strong><\/td><\/tr><\/tbody><\/table><\/figure>\n\n\n\n<p><mark style=\"background-color:rgba(0, 0, 0, 0)\" class=\"has-inline-color has-blue-color\"><strong>T\u0142umaczenia ustne &#8211; konsekutywne* <\/strong> <\/mark><\/p>\n\n\n\n<p>Uwaga:\n W przypadku t\u0142umacze\u0144 ustnych &#8211; konsekutywnych podstaw\u0105 rozliczeniow\u0105 \njest 1 godzina t\u0142umaczenia. Przy zamawianiu t\u0142umaczenia ustnego \nkonsekutywnego minimaln\u0105 jednostk\u0105 zam\u00f3wienia s\u0105 <strong>2 godziny (1 blok)<\/strong>. Pozosta\u0142e warunki b\u0119d\u0105 ustalane w ramach uzgodnie\u0144 indywidualnych. <\/p>\n\n\n\n<p><strong>T\u0142umaczenia ustne wykonuj\u0119 w ramach dziedzin podanych w OFERCIE. <\/strong><\/p>\n\n\n\n<p><strong>UWAGA: Podane ceny s\u0105 cenami BRUTTO, zawieraj\u0105cymi podatek VAT<\/strong>.<\/p>\n\n\n\n<figure class=\"wp-block-table is-style-stripes\"><table><tbody><tr><th><strong>Rodzaj czynno\u015bci <\/strong><\/th><th>\n                  &nbsp;\n              <\/th><\/tr><tr><td>T\u0142umaczenie ustne &#8211; konsekutywne* &#8211; 1 godzina. \n                  &nbsp;<\/td><td><strong>150 z\u0142 <\/strong><\/td><\/tr><tr><td>Minimalna wielko\u015b\u0107 zam\u00f3wienia \n                  &nbsp;<\/td><td><strong>2 godziny <\/strong><\/td><\/tr><\/tbody><\/table><\/figure>\n\n\n\n<p><br>* <strong>T\u0142umaczenia konsekutywne<\/strong><br>W t\u0142umaczeniu konsekutywnym t\u0142umacz rozpoczyna t\u0142umaczenie  dopiero,  gdy prelegent sko\u0144czy swoj\u0105 wypowied\u017a (przem\u00f3wienie mo\u017ce by\u0107  podzielone  na cz\u0119\u015bci). Zazwyczaj w t\u0142umaczeniu konsekutywnym t\u0142umacz w  trakcie <a href=\"http:\/\/pl.wikipedia.org\/wiki\/Mowa_%28retoryka%29\">przem\u00f3wienia<\/a>  znajduje si\u0119 obok rozm\u00f3wcy, s\u0142ucha go i sporz\u0105dza notatki. Gdy osoba   m\u00f3wi\u0105ca sko\u0144czy przem\u00f3wienie lub zrobi przerw\u0119 w swojej wypowiedzi,   t\u0142umacz odtwarza wypowied\u017a w j\u0119zyku docelowym w ca\u0142o\u015bci i w taki spos\u00f3b   jakby to on j\u0105 wyg\u0142asza\u0142.<\/p>\n\n\n\n<p><strong><span class=\"has-inline-color has-blue-color\">Przyk\u0142adowe ceny t\u0142umaczenia popularnych dokument\u00f3w<\/span><\/strong>: <\/p>\n\n\n\n<p><strong>UWAGA: Podane ceny s\u0105 cenami BRUTTO, zawieraj\u0105cymi podatek VAT<\/strong>.<\/p>\n\n\n\n<p><strong>Przyk\u0142adowe ceny<\/strong> najbardziej popularnych t\u0142umacze\u0144 na <strong>j\u0119zyk angielski<\/strong>: <\/p>\n\n\n\n<ul class=\"wp-block-list\">\n<li>dyplom uko\u0144czenia studi\u00f3w wy\u017cszych (np. KUL, UMCS, Politechnika, UP, UM i inne) &#8211; 50 z\u0142<\/li>\n\n\n\n<li>zapytanie o niekaralno\u015b\u0107 &#8211; 100 z\u0142<\/li>\n\n\n\n<li>odpis skr\u00f3cony aktu urodzenia &#8211; 50 z\u0142<\/li>\n\n\n\n<li>odpis zupe\u0142ny aktu urodzenia &#8211; 100 z\u0142 <\/li>\n\n\n\n<li>odpis skr\u00f3cony aktu ma\u0142\u017ce\u0144stwa (starego typu) &#8211; 50 z\u0142 <\/li>\n\n\n\n<li>odpis skr\u00f3cony aktu ma\u0142\u017ce\u0144stwa (nowego typu &#8222;z paskiem&#8221;) &#8211; 100 z\u0142 <\/li>\n\n\n\n<li>odpis  zupe\u0142ny aktu ma\u0142\u017ce\u0144stwa &#8211;  100 z\u0142 <\/li>\n\n\n\n<li>dyplom uzyskania tytu\u0142u zawodowego (1 strona) &#8211; 50 z\u0142 <\/li>\n\n\n\n<li>\u015bwiadectwo dojrza\u0142o\u015bci liceum og\u00f3lnokszta\u0142c\u0105cego (4 strony) &#8211; 200 z\u0142 <\/li>\n\n\n\n<li>\u015bwiadectwo dojrza\u0142o\u015bci (nowe 1-stronne) &#8211; 50-100 z\u0142<\/li>\n\n\n\n<li>\u015bwiadectwo uko\u0144czenia liceum (nowe 2-stronne) &#8211; 100z\u0142 <\/li>\n\n\n\n<li>\u015bwiadectwo pracy &#8211; 150-200 z\u0142<\/li>\n\n\n\n<li>suplement do dyplomu &#8211; 300 &#8211; 800 z\u0142<\/li>\n\n\n\n<li>prawo wykonywania zawodu piel\u0119gniarki (2 pierwsze strony bez po\u015bwiadczenia notarialnego) &#8211; 100 z\u0142 <\/li>\n<\/ul>\n\n\n\n<p><strong>Przyk\u0142adowe ceny<\/strong> najbardziej popularnych t\u0142umacze\u0144 na <strong>j\u0119zyk polski<\/strong>: <\/p>\n\n\n\n<ul class=\"wp-block-list\">\n<li>odpis aktu urodzenia (Wielka Brytania, Irlandia) &#8211; 100 z\u0142<\/li>\n\n\n\n<li>odpis aktu ma\u0142\u017ce\u0144stwa (Wielka Brytania) &#8211; 100 z\u0142<\/li>\n\n\n\n<li>dow\u00f3d rejestracyjny (UK, druk V5C) &#8211; 100 z\u0142<\/li>\n\n\n\n<li>samoch\u00f3d z odzysku za\u015bwiadczenie o eksporcie (UK, druk V963) &#8211; 100 z\u0142<\/li>\n<\/ul>\n","protected":false},"excerpt":{"rendered":"<p>T\u0142umaczenia pisemne po\u015bwiadczone (&#8222;przysi\u0119g\u0142e&#8221;): Uwaga: W przypadku t\u0142umacze\u0144 po\u015bwiadczonych (tzw. przysi\u0119g\u0142ych) koszt t\u0142umaczenia obliczany jest w oparciu o liczb\u0119 tzw. stron obliczeniowych (gdzie ustawowo 1 strona obliczeniowa to dok\u0142adnie 1125 znak\u00f3w ze spacjami tekstu wynikowego czyli t\u0142umaczenia). Op\u0142ata liczona jest &hellip; <a href=\"https:\/\/dobry-tlumacz.eu\/?page_id=17\">Czytaj dalej <span class=\"meta-nav\">&rarr;<\/span><\/a><\/p>\n","protected":false},"author":1,"featured_media":0,"parent":0,"menu_order":0,"comment_status":"closed","ping_status":"closed","template":"","meta":{"footnotes":""},"class_list":["post-17","page","type-page","status-publish","hentry"],"_links":{"self":[{"href":"https:\/\/dobry-tlumacz.eu\/index.php?rest_route=\/wp\/v2\/pages\/17","targetHints":{"allow":["GET"]}}],"collection":[{"href":"https:\/\/dobry-tlumacz.eu\/index.php?rest_route=\/wp\/v2\/pages"}],"about":[{"href":"https:\/\/dobry-tlumacz.eu\/index.php?rest_route=\/wp\/v2\/types\/page"}],"author":[{"embeddable":true,"href":"https:\/\/dobry-tlumacz.eu\/index.php?rest_route=\/wp\/v2\/users\/1"}],"replies":[{"embeddable":true,"href":"https:\/\/dobry-tlumacz.eu\/index.php?rest_route=%2Fwp%2Fv2%2Fcomments&post=17"}],"version-history":[{"count":13,"href":"https:\/\/dobry-tlumacz.eu\/index.php?rest_route=\/wp\/v2\/pages\/17\/revisions"}],"predecessor-version":[{"id":95,"href":"https:\/\/dobry-tlumacz.eu\/index.php?rest_route=\/wp\/v2\/pages\/17\/revisions\/95"}],"wp:attachment":[{"href":"https:\/\/dobry-tlumacz.eu\/index.php?rest_route=%2Fwp%2Fv2%2Fmedia&parent=17"}],"curies":[{"name":"wp","href":"https:\/\/api.w.org\/{rel}","templated":true}]}}