{"id":36,"date":"2023-01-02T13:33:07","date_gmt":"2023-01-02T12:33:07","guid":{"rendered":"http:\/\/www.tazor.avx.pl\/?page_id=36"},"modified":"2024-08-01T11:16:04","modified_gmt":"2024-08-01T09:16:04","slug":"kontakt","status":"publish","type":"page","link":"https:\/\/dobry-tlumacz.eu\/?page_id=36","title":{"rendered":"Kontakt \/ dojazd"},"content":{"rendered":"\n<p><strong>Telefonicznie \/\u00a0<em>By phone<\/em>:<\/strong><br>tel.:\u00a0<strong>691-741-997<\/strong><br><br><strong>Osobi\u015bcie (prosz\u0119 wcze\u015bniej o kontakt telefoniczny) \/ In person (please make an appointment by phone):<\/strong><br><strong>Adres\/<em>Address<\/em><\/strong>: ul. Czumy Ignacego 58\/2, 20-153 Lublin.<\/p>\n\n\n\n<p><strong>E-mail<\/strong>:&nbsp;<a href=\"mailto:info@mstudzinski.pl\">info@mstudzinski.pl<\/a><\/p>\n\n\n\n<p>&#8211;<\/p>\n\n\n\n<h1 class=\"wp-block-heading\">Jak dojecha\u0107? \/\u00a0<em>How to reach my office<\/em><\/h1>\n\n\n\n<p><strong>Adres<\/strong>\/<em><strong>Address<\/strong><\/em>: ul. Czumy Ignacego 58\/2, 20-153 Lublin.<br><strong>Dzielnica<\/strong>\/<em><strong>District<\/strong><\/em>: Ponikwoda \/ Bazylian\u00f3wka (okolice ul.W\u0119glarza\/al.Sp\u00f3\u0142dzielczo\u015bci Pracy)<br><strong>Wsp\u00f3\u0142rz\u0119dne\/<em>Coordinates<\/em><\/strong>: N 51\u00b016&#8217;18.47&#8243;, E22\u00b034&#8217;44.32&#8243;<\/p>\n\n\n\n<iframe src=\"https:\/\/www.google.com\/maps\/embed?pb=!1m18!1m12!1m3!1d624.0322481507031!2d22.579103207408497!3d51.27194463166174!2m3!1f0!2f0!3f0!3m2!1i1024!2i768!4f13.1!3m3!1m2!1s0x472250b243280c13%3A0x885c314d4ce9cb53!2sMariusz%20Studzi%C5%84ski%20T%C5%82umacz%20Przysi%C4%99g%C5%82y%20J%C4%99zyka%20Angielskiego!5e0!3m2!1spl!2spl!4v1674415851742!5m2!1spl!2spl\" width=\"600\" height=\"450\" style=\"border:0;\" allowfullscreen=\"\" loading=\"lazy\" referrerpolicy=\"no-referrer-when-downgrade\"><\/iframe>\n","protected":false},"excerpt":{"rendered":"<p>Telefonicznie \/\u00a0By phone:tel.:\u00a0691-741-997 Osobi\u015bcie (prosz\u0119 wcze\u015bniej o kontakt telefoniczny) \/ In person (please make an appointment by phone):Adres\/Address: ul. Czumy Ignacego 58\/2, 20-153 Lublin. E-mail:&nbsp;info@mstudzinski.pl &#8211; Jak dojecha\u0107? \/\u00a0How to reach my office Adres\/Address: ul. Czumy Ignacego 58\/2, 20-153 Lublin.Dzielnica\/District: &hellip; <a href=\"https:\/\/dobry-tlumacz.eu\/?page_id=36\">Czytaj dalej <span class=\"meta-nav\">&rarr;<\/span><\/a><\/p>\n","protected":false},"author":1,"featured_media":0,"parent":0,"menu_order":0,"comment_status":"closed","ping_status":"closed","template":"","meta":{"footnotes":""},"class_list":["post-36","page","type-page","status-publish","hentry"],"_links":{"self":[{"href":"https:\/\/dobry-tlumacz.eu\/index.php?rest_route=\/wp\/v2\/pages\/36","targetHints":{"allow":["GET"]}}],"collection":[{"href":"https:\/\/dobry-tlumacz.eu\/index.php?rest_route=\/wp\/v2\/pages"}],"about":[{"href":"https:\/\/dobry-tlumacz.eu\/index.php?rest_route=\/wp\/v2\/types\/page"}],"author":[{"embeddable":true,"href":"https:\/\/dobry-tlumacz.eu\/index.php?rest_route=\/wp\/v2\/users\/1"}],"replies":[{"embeddable":true,"href":"https:\/\/dobry-tlumacz.eu\/index.php?rest_route=%2Fwp%2Fv2%2Fcomments&post=36"}],"version-history":[{"count":7,"href":"https:\/\/dobry-tlumacz.eu\/index.php?rest_route=\/wp\/v2\/pages\/36\/revisions"}],"predecessor-version":[{"id":100,"href":"https:\/\/dobry-tlumacz.eu\/index.php?rest_route=\/wp\/v2\/pages\/36\/revisions\/100"}],"wp:attachment":[{"href":"https:\/\/dobry-tlumacz.eu\/index.php?rest_route=%2Fwp%2Fv2%2Fmedia&parent=36"}],"curies":[{"name":"wp","href":"https:\/\/api.w.org\/{rel}","templated":true}]}}